{"id":10569,"date":"2023-02-18T19:33:08","date_gmt":"2023-02-18T17:33:08","guid":{"rendered":"https:\/\/www.ecolodge-labelleverte.fr\/?page_id=10569"},"modified":"2023-02-21T17:31:36","modified_gmt":"2023-02-21T15:31:36","slug":"the-tiny-house","status":"publish","type":"page","link":"https:\/\/www.ecolodge-labelleverte.fr\/en\/the-tiny-house\/","title":{"rendered":"The Tiny House"},"content":{"rendered":"<h2>The tiny house &#8220;Blue lagoon&#8221;<\/h2>\n<h5>Try out the minimalist lifestyle for a night or more in our tiny house on wheels<\/h5>\n<p>Our tiny house is the perfect accomodation to experiment an unusual night.<\/p>\n<p>\u00a0<\/p>\n<p>It is tiny but has everything you need :<\/p>\n<ul>\n<li>loft <strong>bedroom<\/strong><\/li>\n<li><strong>bathroom<\/strong> with shower and <strong>composting toilet<\/strong><\/li>\n<li><strong>kitchen<\/strong> fully equiped (cooking\u00a0 stove, microwave, dishes)<\/li>\n<li>Little <strong>lounge area<\/strong> with books and games<\/li>\n<li>A private garden and <strong>terrace<\/strong> with a beautiful view on the countryside<\/li>\n<li>And the best part : an outdoor fireplace, to enjoy an <strong>evening around the fire,<\/strong> with marshmallow maybe ?<\/li>\n<\/ul>\n<p>\t\t\t\t\t\t\t\t\t\t\t\t<img decoding=\"async\" width=\"600\" height=\"600\" src=\"https:\/\/www.ecolodge-labelleverte.fr\/wp-content\/uploads\/2022\/05\/tiny_house-14b-1-1024x1024.jpg\" alt=\"tiny house location bretagne\" loading=\"lazy\" srcset=\"https:\/\/www.ecolodge-labelleverte.fr\/wp-content\/uploads\/2022\/05\/tiny_house-14b-1-1024x1024.jpg 1024w, https:\/\/www.ecolodge-labelleverte.fr\/wp-content\/uploads\/2022\/05\/tiny_house-14b-1-300x300.jpg 300w, https:\/\/www.ecolodge-labelleverte.fr\/wp-content\/uploads\/2022\/05\/tiny_house-14b-1-150x150.jpg 150w, https:\/\/www.ecolodge-labelleverte.fr\/wp-content\/uploads\/2022\/05\/tiny_house-14b-1-768x768.jpg 768w, https:\/\/www.ecolodge-labelleverte.fr\/wp-content\/uploads\/2022\/05\/tiny_house-14b-1-1536x1536.jpg 1536w, https:\/\/www.ecolodge-labelleverte.fr\/wp-content\/uploads\/2022\/05\/tiny_house-14b-1-2048x2048.jpg 2048w, https:\/\/www.ecolodge-labelleverte.fr\/wp-content\/uploads\/2022\/05\/tiny_house-14b-1-50x50.jpg 50w\" sizes=\"(max-width: 600px) 100vw, 600px\" \/>\t\t\t\t\t\t\t\t\t\t\t\t\t\t<\/p>\n<figure><img decoding=\"async\" src=\"https:\/\/www.ecolodge-labelleverte.fr\/wp-content\/uploads\/elementor\/thumbs\/IMG_9263-minv-pyhrw9kzm7hh8fyzy8ofipma10n4nf1tp8mgfkw03s.jpg\" alt=\"Tiny house bretagne\" \/><\/figure>\n<figure><img decoding=\"async\" src=\"https:\/\/www.ecolodge-labelleverte.fr\/wp-content\/uploads\/elementor\/thumbs\/IMG_9257-minv-pyhr5risxd7fw8gtpaa3pwdf2x9kmmu9q2gmbq6ljc.jpg\" alt=\"IMG_9257-minv\" \/><\/figure>\n<figure><img decoding=\"async\" src=\"https:\/\/www.ecolodge-labelleverte.fr\/wp-content\/uploads\/elementor\/thumbs\/tiny_house-4b-pyho2z9lfbjtirdzlwc2ccsml1b6ew165qff2og0w8.jpg\" alt=\"tiny_house (4b)\" \/><\/figure>\n<figure><img decoding=\"async\" src=\"https:\/\/www.ecolodge-labelleverte.fr\/wp-content\/uploads\/elementor\/thumbs\/IMG_9251-minv-pyhr4rsxpnujn1wphuua35dwia5mi4wgx5o637nk3s.jpg\" alt=\"IMG_9251-minv\" \/><\/figure>\n<figure><img decoding=\"async\" src=\"https:\/\/www.ecolodge-labelleverte.fr\/wp-content\/uploads\/elementor\/thumbs\/P4110249-minv-pyhntw5rcz41agl4nyxw8nc7uy3g07ykwreg2dx11k.jpg\" alt=\"salon tiny house\" \/><\/figure>\n<figure><img decoding=\"async\" src=\"https:\/\/www.ecolodge-labelleverte.fr\/wp-content\/uploads\/elementor\/thumbs\/IMG_8647v-min-pyhnwoqho8xpsqj1coez5fyjf6bpvu1uyl7eezrwjs.jpg\" alt=\"S\u00e9jour Tiny house\" \/><\/figure>\n<figure><img decoding=\"async\" src=\"https:\/\/www.ecolodge-labelleverte.fr\/wp-content\/uploads\/elementor\/thumbs\/tiny-2n-pyhnujnq3u07cpmzur3kgzeqpkvmcnjvbzpl2ay6q0.jpg\" alt=\"tiny house en bretagne\" \/><\/figure>\n<figure><img decoding=\"async\" src=\"https:\/\/www.ecolodge-labelleverte.fr\/wp-content\/uploads\/elementor\/thumbs\/P4110251-minv-pyhnvl99p7fo944dr7cn8px6gzqawjp4t5t09deft4.jpg\" alt=\"Cuisine et salle de bain\" \/><\/figure>\n<figure><img decoding=\"async\" src=\"https:\/\/www.ecolodge-labelleverte.fr\/wp-content\/uploads\/elementor\/thumbs\/tiny_house-14b-1-pyho330y6noyt78izxykmbugyksn9og3i91czsag7c.jpg\" alt=\"tiny house location bretagne\" \/><\/figure>\n<figure><img decoding=\"async\" src=\"https:\/\/www.ecolodge-labelleverte.fr\/wp-content\/uploads\/elementor\/thumbs\/DSCN0772-pyhnop3vkxzz424u0834ygjhn9peggbzv1ktkbmdfs.jpg\" alt=\"s\u00e9jour tiny house\" \/><\/figure>\n<figure><img decoding=\"async\" src=\"https:\/\/www.ecolodge-labelleverte.fr\/wp-content\/uploads\/elementor\/thumbs\/tiny_house-12b-pyhon15n83017a9eikdjjammsyh2mfn0wzgbn6po5k.jpg\" alt=\"tiny_house (12b)\" \/><\/figure>\n<figure><img decoding=\"async\" src=\"https:\/\/www.ecolodge-labelleverte.fr\/wp-content\/uploads\/elementor\/thumbs\/be8f3a6d-2087-4ed0-be73-8257e6147989v-min-pyhnrgqrpdsdaq43uf5larecm42b4dbjkqqafnin48.jpg\" alt=\"s\u00e9jour tiny house Bretagne\" \/><\/figure>\n<p>\t\t\t\t\t\t\t\t\t\t\t\tPr\u00e9c\u00e9dent<br \/>\n\t\t\t\t\t\t\t\t\t\t\t\tSuivant<\/p>\n<h3>The tiny house, a perfect accomodation to relax <\/h3>\n<p>\t\t\t\t\t\t\t\t\t\t\t\t<img decoding=\"async\" width=\"600\" height=\"600\" src=\"https:\/\/www.ecolodge-labelleverte.fr\/wp-content\/uploads\/2022\/04\/P4110249-minv-1024x1024.jpg\" alt=\"salon tiny house\" loading=\"lazy\" srcset=\"https:\/\/www.ecolodge-labelleverte.fr\/wp-content\/uploads\/2022\/04\/P4110249-minv-1024x1024.jpg 1024w, https:\/\/www.ecolodge-labelleverte.fr\/wp-content\/uploads\/2022\/04\/P4110249-minv-300x300.jpg 300w, https:\/\/www.ecolodge-labelleverte.fr\/wp-content\/uploads\/2022\/04\/P4110249-minv-150x150.jpg 150w, https:\/\/www.ecolodge-labelleverte.fr\/wp-content\/uploads\/2022\/04\/P4110249-minv-768x768.jpg 768w, https:\/\/www.ecolodge-labelleverte.fr\/wp-content\/uploads\/2022\/04\/P4110249-minv-1536x1536.jpg 1536w, https:\/\/www.ecolodge-labelleverte.fr\/wp-content\/uploads\/2022\/04\/P4110249-minv-2048x2048.jpg 2048w, https:\/\/www.ecolodge-labelleverte.fr\/wp-content\/uploads\/2022\/04\/P4110249-minv-50x50.jpg 50w\" sizes=\"(max-width: 600px) 100vw, 600px\" \/><br \/>\n\t\t\t<a href=\"https:\/\/www.ecolodge-labelleverte.fr\/en\/reservation-2\/\" role=\"button\"><br \/>\n\t\t\t\t\t\tBook this accomodation<br \/>\n\t\t\t\t\t<\/a><\/p>\n<p style=\"text-align: center;\"><strong>2023 availabilities:<\/strong><\/p>\n\n\n<p><strong>Prices for 2 people : 115 \u20ac\u00a0<\/strong><\/p>\n<p><em>Breakfast : 8 \u20ac per person<\/em><\/p>\n<p>Linen and towels included\u00a0<\/p>\n<p>Enjoy our other services :\u00a0<\/p>\n<p><a title=\"restauration\" href=\"https:\/\/www.ecolodge-labelleverte.fr\/en\/service-de-restauration\/\" target=\"_blank\" rel=\"noopener noreferrer\">Food service<\/a>, and <a href=\"https:\/\/www.ecolodge-labelleverte.fr\/en\/le-bien-etre\/\">wellness activities<\/a><\/p>\n<p>In this accomodation you will find:\u00a0<\/p>\n<p>\t\t\t\t\t\t\t\t\t\t\t\t<img decoding=\"async\" src=\"https:\/\/www.ecolodge-labelleverte.fr\/wp-content\/uploads\/elementor\/thumbs\/bed-pyhr6lli4n6bb59wtx50y9kpk1ulk1bmdjhn20i5m0.png\" title=\"lit\" alt=\"lit\" loading=\"lazy\" \/>\t\t\t\t\t\t\t\t\t\t\t\t\t\t<\/p>\n<p style=\"text-align: center;\">A queen bed<\/p>\n<p>\t\t\t\t\t\t\t\t\t\t\t\t<img decoding=\"async\" src=\"https:\/\/www.ecolodge-labelleverte.fr\/wp-content\/uploads\/elementor\/thumbs\/bath-tub-pyhpiq9ktj7tta8nfjhhmvgrfixya2n3t7l9mj9vxk.png\" title=\"bain lait \u00e2nesse\" alt=\"bain lait \u00e2nesse\" loading=\"lazy\" \/>\t\t\t\t\t\t\t\t\t\t\t\t\t\t<\/p>\n<p style=\"text-align: center;\">a bathroom<\/p>\n<p>\t\t\t\t\t\t\t\t\t\t\t\t<img decoding=\"async\" src=\"https:\/\/www.ecolodge-labelleverte.fr\/wp-content\/uploads\/elementor\/thumbs\/towels-pyhr8gc1lvpo7gkz07zjdaqfqepnqjokapt44nr7c8.png\" title=\"linge de lit et draps fournis\" alt=\"linge de lit et draps fournis\" loading=\"lazy\" \/>\t\t\t\t\t\t\t\t\t\t\t\t\t\t<\/p>\n<p style=\"text-align: center;\">Linen and towels<\/p>\n<p>\t\t\t\t\t\t\t\t\t\t\t\t<img decoding=\"async\" src=\"https:\/\/www.ecolodge-labelleverte.fr\/wp-content\/uploads\/elementor\/thumbs\/kitchen-pyhr8ths9k7oq01uvdobc7ew1swsqb4t0ixwuj7ox4.png\" title=\"g\u00eete vacance cuisine \u00e9quip\u00e9\" alt=\"g\u00eete vacance cuisine \u00e9quip\u00e9\" loading=\"lazy\" \/>\t\t\t\t\t\t\t\t\t\t\t\t\t\t<\/p>\n<p style=\"text-align: center;\">Equiped kitchen<\/p>\n<p>\t\t\t\t\t\t\t\t\t\t\t\t<img decoding=\"async\" src=\"https:\/\/www.ecolodge-labelleverte.fr\/wp-content\/uploads\/elementor\/thumbs\/water-closet-pyhr8sjy2q6eee380v9orpnfgf1fim12oeafd9933c.png\" title=\"toilettes\" alt=\"toilettes\" loading=\"lazy\" \/>\t\t\t\t\t\t\t\t\t\t\t\t\t\t<\/p>\n<p style=\"text-align: center;\">Composting toilets<\/p>\n<p>\t\t\t\t\t\t\t\t\t\t\t\t<img decoding=\"async\" src=\"https:\/\/www.ecolodge-labelleverte.fr\/wp-content\/uploads\/elementor\/thumbs\/sofa-pyhr6mjcbh7lmr8jofjnirc65fpyrqfcpo54jagrfs.png\" title=\"sofa\" alt=\"sofa\" loading=\"lazy\" \/>\t\t\t\t\t\t\t\t\t\t\t\t\t\t<\/p>\n<p style=\"text-align: center;\">Lounge area<\/p>\n<p>\t\t\t\t\t\t\t\t\t\t\t\t<img decoding=\"async\" src=\"https:\/\/www.ecolodge-labelleverte.fr\/wp-content\/uploads\/elementor\/thumbs\/bed-pyhr6lli4n6bb59wtx50y9kpk1ulk1bmdjhn20i5m0.png\" title=\"lit\" alt=\"lit\" loading=\"lazy\" \/>\t\t\t\t\t\t\t\t\t\t\t\t\t\t<\/p>\n<p style=\"text-align: center;\">Spare bed for 1 person<\/p>\n<p>\t\t\t\t\t\t\t\t\t\t\t\t<img decoding=\"async\" width=\"80\" height=\"80\" src=\"https:\/\/www.ecolodge-labelleverte.fr\/wp-content\/uploads\/2022\/03\/icons8-campfire-80.png\" alt=\"brasero\" loading=\"lazy\" srcset=\"https:\/\/www.ecolodge-labelleverte.fr\/wp-content\/uploads\/2022\/03\/icons8-campfire-80.png 80w, https:\/\/www.ecolodge-labelleverte.fr\/wp-content\/uploads\/2022\/03\/icons8-campfire-80-50x50.png 50w\" sizes=\"(max-width: 80px) 100vw, 80px\" \/>\t\t\t\t\t\t\t\t\t\t\t\t\t\t<\/p>\n<p style=\"text-align: center;\">an outdoor brasero<\/p>\n<p>\t\t\t\t\t\t\t\t\t\t\t\t<img decoding=\"async\" src=\"https:\/\/www.ecolodge-labelleverte.fr\/wp-content\/uploads\/elementor\/thumbs\/terrace-pyhr6mjcbh7lmr8jofjnirc65fpyrqfcpo54jagrfs.png\" title=\"terrace\" alt=\"terrasse\" loading=\"lazy\" \/>\t\t\t\t\t\t\t\t\t\t\t\t\t\t<\/p>\n<p style=\"text-align: center;\">Private terrace<\/p>\n","protected":false},"excerpt":{"rendered":"<p>The tiny house &#8220;Blue lagoon&#8221; Try out the minimalist lifestyle for a night or more in our tiny house on wheels Our tiny house is the perfect accomodation to experiment an unusual night. \u00a0 It is tiny but has everything you need : loft bedroom bathroom with shower and composting toilet kitchen fully equiped (cooking\u00a0 [&hellip;]<\/p>\n","protected":false},"author":4,"featured_media":0,"parent":0,"menu_order":0,"comment_status":"closed","ping_status":"closed","template":"elementor_header_footer","meta":{"_et_pb_use_builder":"","_et_pb_old_content":"","_et_gb_content_width":"","footnotes":""},"class_list":["post-10569","page","type-page","status-publish","hentry"],"yoast_head":"<!-- This site is optimized with the Yoast SEO plugin v27.3 - https:\/\/yoast.com\/product\/yoast-seo-wordpress\/ -->\n<title>The Tiny House - Ecolodge La belle verte<\/title>\n<meta name=\"description\" content=\"Enjoy a minimalist holiday on our compact but fully equiped tiny house on wheels. With its outdoor fireplace you will love it !\" \/>\n<meta name=\"robots\" content=\"index, follow, max-snippet:-1, max-image-preview:large, max-video-preview:-1\" \/>\n<link rel=\"canonical\" href=\"https:\/\/www.ecolodge-labelleverte.fr\/en\/the-tiny-house\/\" \/>\n<meta property=\"og:locale\" content=\"en_US\" \/>\n<meta property=\"og:type\" content=\"article\" \/>\n<meta property=\"og:title\" content=\"The Tiny House - Ecolodge La belle verte\" \/>\n<meta property=\"og:description\" content=\"Enjoy a minimalist holiday on our compact but fully equiped tiny house on wheels. With its outdoor fireplace you will love it !\" \/>\n<meta property=\"og:url\" content=\"https:\/\/www.ecolodge-labelleverte.fr\/en\/the-tiny-house\/\" \/>\n<meta property=\"og:site_name\" content=\"Ecolodge La belle verte\" \/>\n<meta property=\"article:modified_time\" content=\"2023-02-21T15:31:36+00:00\" \/>\n<meta property=\"og:image\" content=\"https:\/\/www.ecolodge-labelleverte.fr\/wp-content\/uploads\/2022\/05\/tiny_house-14b-1-1024x1024.jpg\" \/>\n<meta name=\"twitter:card\" content=\"summary_large_image\" \/>\n<meta name=\"twitter:label1\" content=\"Est. reading time\" \/>\n\t<meta name=\"twitter:data1\" content=\"7 minutes\" \/>\n<script type=\"application\/ld+json\" class=\"yoast-schema-graph\">{\"@context\":\"https:\\\/\\\/schema.org\",\"@graph\":[{\"@type\":\"WebPage\",\"@id\":\"https:\\\/\\\/www.ecolodge-labelleverte.fr\\\/en\\\/the-tiny-house\\\/\",\"url\":\"https:\\\/\\\/www.ecolodge-labelleverte.fr\\\/en\\\/the-tiny-house\\\/\",\"name\":\"The Tiny House - Ecolodge La belle verte\",\"isPartOf\":{\"@id\":\"https:\\\/\\\/www.ecolodge-labelleverte.fr\\\/en\\\/#website\"},\"primaryImageOfPage\":{\"@id\":\"https:\\\/\\\/www.ecolodge-labelleverte.fr\\\/en\\\/the-tiny-house\\\/#primaryimage\"},\"image\":{\"@id\":\"https:\\\/\\\/www.ecolodge-labelleverte.fr\\\/en\\\/the-tiny-house\\\/#primaryimage\"},\"thumbnailUrl\":\"https:\\\/\\\/www.ecolodge-labelleverte.fr\\\/wp-content\\\/uploads\\\/2022\\\/05\\\/tiny_house-14b-1-1024x1024.jpg\",\"datePublished\":\"2023-02-18T17:33:08+00:00\",\"dateModified\":\"2023-02-21T15:31:36+00:00\",\"description\":\"Enjoy a minimalist holiday on our compact but fully equiped tiny house on wheels. With its outdoor fireplace you will love it !\",\"breadcrumb\":{\"@id\":\"https:\\\/\\\/www.ecolodge-labelleverte.fr\\\/en\\\/the-tiny-house\\\/#breadcrumb\"},\"inLanguage\":\"en-US\",\"potentialAction\":[{\"@type\":\"ReadAction\",\"target\":[\"https:\\\/\\\/www.ecolodge-labelleverte.fr\\\/en\\\/the-tiny-house\\\/\"]}]},{\"@type\":\"ImageObject\",\"inLanguage\":\"en-US\",\"@id\":\"https:\\\/\\\/www.ecolodge-labelleverte.fr\\\/en\\\/the-tiny-house\\\/#primaryimage\",\"url\":\"https:\\\/\\\/www.ecolodge-labelleverte.fr\\\/wp-content\\\/uploads\\\/2022\\\/05\\\/tiny_house-14b-1-1024x1024.jpg\",\"contentUrl\":\"https:\\\/\\\/www.ecolodge-labelleverte.fr\\\/wp-content\\\/uploads\\\/2022\\\/05\\\/tiny_house-14b-1-1024x1024.jpg\"},{\"@type\":\"BreadcrumbList\",\"@id\":\"https:\\\/\\\/www.ecolodge-labelleverte.fr\\\/en\\\/the-tiny-house\\\/#breadcrumb\",\"itemListElement\":[{\"@type\":\"ListItem\",\"position\":1,\"name\":\"Accueil\",\"item\":\"https:\\\/\\\/www.ecolodge-labelleverte.fr\\\/en\\\/\"},{\"@type\":\"ListItem\",\"position\":2,\"name\":\"The Tiny House\"}]},{\"@type\":\"WebSite\",\"@id\":\"https:\\\/\\\/www.ecolodge-labelleverte.fr\\\/en\\\/#website\",\"url\":\"https:\\\/\\\/www.ecolodge-labelleverte.fr\\\/en\\\/\",\"name\":\"Ecolodge La belle verte\",\"description\":\"\",\"potentialAction\":[{\"@type\":\"SearchAction\",\"target\":{\"@type\":\"EntryPoint\",\"urlTemplate\":\"https:\\\/\\\/www.ecolodge-labelleverte.fr\\\/en\\\/?s={search_term_string}\"},\"query-input\":{\"@type\":\"PropertyValueSpecification\",\"valueRequired\":true,\"valueName\":\"search_term_string\"}}],\"inLanguage\":\"en-US\"}]}<\/script>\n<!-- \/ Yoast SEO plugin. -->","yoast_head_json":{"title":"The Tiny House - Ecolodge La belle verte","description":"Enjoy a minimalist holiday on our compact but fully equiped tiny house on wheels. With its outdoor fireplace you will love it !","robots":{"index":"index","follow":"follow","max-snippet":"max-snippet:-1","max-image-preview":"max-image-preview:large","max-video-preview":"max-video-preview:-1"},"canonical":"https:\/\/www.ecolodge-labelleverte.fr\/en\/the-tiny-house\/","og_locale":"en_US","og_type":"article","og_title":"The Tiny House - Ecolodge La belle verte","og_description":"Enjoy a minimalist holiday on our compact but fully equiped tiny house on wheels. With its outdoor fireplace you will love it !","og_url":"https:\/\/www.ecolodge-labelleverte.fr\/en\/the-tiny-house\/","og_site_name":"Ecolodge La belle verte","article_modified_time":"2023-02-21T15:31:36+00:00","og_image":[{"url":"https:\/\/www.ecolodge-labelleverte.fr\/wp-content\/uploads\/2022\/05\/tiny_house-14b-1-1024x1024.jpg","type":"","width":"","height":""}],"twitter_card":"summary_large_image","twitter_misc":{"Est. reading time":"7 minutes"},"schema":{"@context":"https:\/\/schema.org","@graph":[{"@type":"WebPage","@id":"https:\/\/www.ecolodge-labelleverte.fr\/en\/the-tiny-house\/","url":"https:\/\/www.ecolodge-labelleverte.fr\/en\/the-tiny-house\/","name":"The Tiny House - Ecolodge La belle verte","isPartOf":{"@id":"https:\/\/www.ecolodge-labelleverte.fr\/en\/#website"},"primaryImageOfPage":{"@id":"https:\/\/www.ecolodge-labelleverte.fr\/en\/the-tiny-house\/#primaryimage"},"image":{"@id":"https:\/\/www.ecolodge-labelleverte.fr\/en\/the-tiny-house\/#primaryimage"},"thumbnailUrl":"https:\/\/www.ecolodge-labelleverte.fr\/wp-content\/uploads\/2022\/05\/tiny_house-14b-1-1024x1024.jpg","datePublished":"2023-02-18T17:33:08+00:00","dateModified":"2023-02-21T15:31:36+00:00","description":"Enjoy a minimalist holiday on our compact but fully equiped tiny house on wheels. With its outdoor fireplace you will love it !","breadcrumb":{"@id":"https:\/\/www.ecolodge-labelleverte.fr\/en\/the-tiny-house\/#breadcrumb"},"inLanguage":"en-US","potentialAction":[{"@type":"ReadAction","target":["https:\/\/www.ecolodge-labelleverte.fr\/en\/the-tiny-house\/"]}]},{"@type":"ImageObject","inLanguage":"en-US","@id":"https:\/\/www.ecolodge-labelleverte.fr\/en\/the-tiny-house\/#primaryimage","url":"https:\/\/www.ecolodge-labelleverte.fr\/wp-content\/uploads\/2022\/05\/tiny_house-14b-1-1024x1024.jpg","contentUrl":"https:\/\/www.ecolodge-labelleverte.fr\/wp-content\/uploads\/2022\/05\/tiny_house-14b-1-1024x1024.jpg"},{"@type":"BreadcrumbList","@id":"https:\/\/www.ecolodge-labelleverte.fr\/en\/the-tiny-house\/#breadcrumb","itemListElement":[{"@type":"ListItem","position":1,"name":"Accueil","item":"https:\/\/www.ecolodge-labelleverte.fr\/en\/"},{"@type":"ListItem","position":2,"name":"The Tiny House"}]},{"@type":"WebSite","@id":"https:\/\/www.ecolodge-labelleverte.fr\/en\/#website","url":"https:\/\/www.ecolodge-labelleverte.fr\/en\/","name":"Ecolodge La belle verte","description":"","potentialAction":[{"@type":"SearchAction","target":{"@type":"EntryPoint","urlTemplate":"https:\/\/www.ecolodge-labelleverte.fr\/en\/?s={search_term_string}"},"query-input":{"@type":"PropertyValueSpecification","valueRequired":true,"valueName":"search_term_string"}}],"inLanguage":"en-US"}]}},"_links":{"self":[{"href":"https:\/\/www.ecolodge-labelleverte.fr\/en\/wp-json\/wp\/v2\/pages\/10569","targetHints":{"allow":["GET"]}}],"collection":[{"href":"https:\/\/www.ecolodge-labelleverte.fr\/en\/wp-json\/wp\/v2\/pages"}],"about":[{"href":"https:\/\/www.ecolodge-labelleverte.fr\/en\/wp-json\/wp\/v2\/types\/page"}],"author":[{"embeddable":true,"href":"https:\/\/www.ecolodge-labelleverte.fr\/en\/wp-json\/wp\/v2\/users\/4"}],"replies":[{"embeddable":true,"href":"https:\/\/www.ecolodge-labelleverte.fr\/en\/wp-json\/wp\/v2\/comments?post=10569"}],"version-history":[{"count":8,"href":"https:\/\/www.ecolodge-labelleverte.fr\/en\/wp-json\/wp\/v2\/pages\/10569\/revisions"}],"predecessor-version":[{"id":10666,"href":"https:\/\/www.ecolodge-labelleverte.fr\/en\/wp-json\/wp\/v2\/pages\/10569\/revisions\/10666"}],"wp:attachment":[{"href":"https:\/\/www.ecolodge-labelleverte.fr\/en\/wp-json\/wp\/v2\/media?parent=10569"}],"curies":[{"name":"wp","href":"https:\/\/api.w.org\/{rel}","templated":true}]}}