{"id":1840,"date":"2016-05-12T14:52:18","date_gmt":"2016-05-12T13:52:18","guid":{"rendered":"http:\/\/www.ecolodge-labelleverte.fr\/?page_id=1840"},"modified":"2021-05-09T18:08:52","modified_gmt":"2021-05-09T16:08:52","slug":"our-ecological-spirit-accommodations","status":"publish","type":"page","link":"https:\/\/www.ecolodge-labelleverte.fr\/en\/our-ecological-spirit-accommodations\/","title":{"rendered":"Our sustainable engagement"},"content":{"rendered":"<h3>OUR SUSTAINABLE ENGAGEMENT\u200b<\/h3>\n<p>\t\t\t\t\t\t\t\t\t\t\t\t<img decoding=\"async\" width=\"100\" height=\"100\" src=\"https:\/\/www.ecolodge-labelleverte.fr\/wp-content\/uploads\/2021\/03\/icons8-chalet-100.png\" alt=\"Ecolodge\" loading=\"lazy\" srcset=\"https:\/\/www.ecolodge-labelleverte.fr\/wp-content\/uploads\/2021\/03\/icons8-chalet-100.png 100w, https:\/\/www.ecolodge-labelleverte.fr\/wp-content\/uploads\/2021\/03\/icons8-chalet-100-50x50.png 50w\" sizes=\"(max-width: 100px) 100vw, 100px\" \/>\t\t\t\t\t\t\t\t\t\t\t\t\t\t<\/p>\n<p>Passive lodges, built with sustainable materials<\/p>\n<p>\t\t\t\t\t\t\t\t\t\t\t\t<img decoding=\"async\" width=\"100\" height=\"100\" src=\"https:\/\/www.ecolodge-labelleverte.fr\/wp-content\/uploads\/2021\/03\/icons8-solar-energy-100.png\" alt=\"installation solaire photovolta\u00efque\" loading=\"lazy\" srcset=\"https:\/\/www.ecolodge-labelleverte.fr\/wp-content\/uploads\/2021\/03\/icons8-solar-energy-100.png 100w, https:\/\/www.ecolodge-labelleverte.fr\/wp-content\/uploads\/2021\/03\/icons8-solar-energy-100-50x50.png 50w\" sizes=\"(max-width: 100px) 100vw, 100px\" \/>\t\t\t\t\t\t\t\t\t\t\t\t\t\t<\/p>\n<p>Solar panels<\/p>\n<p>\t\t\t\t\t\t\t\t\t\t\t\t<img decoding=\"async\" width=\"100\" height=\"100\" src=\"https:\/\/www.ecolodge-labelleverte.fr\/wp-content\/uploads\/2021\/03\/icons8-waste-separation-100.png\" alt=\"tri des d\u00e9chets\" loading=\"lazy\" srcset=\"https:\/\/www.ecolodge-labelleverte.fr\/wp-content\/uploads\/2021\/03\/icons8-waste-separation-100.png 100w, https:\/\/www.ecolodge-labelleverte.fr\/wp-content\/uploads\/2021\/03\/icons8-waste-separation-100-50x50.png 50w\" sizes=\"(max-width: 100px) 100vw, 100px\" \/>\t\t\t\t\t\t\t\t\t\t\t\t\t\t<\/p>\n<p>Sorting out and composting of the waste<\/p>\n<p>\t\t\t\t\t\t\t\t\t\t\t\t<img decoding=\"async\" width=\"100\" height=\"100\" src=\"https:\/\/www.ecolodge-labelleverte.fr\/wp-content\/uploads\/2021\/03\/icons8-eau-100.png\" alt=\"phyto\u00e9puration\" loading=\"lazy\" srcset=\"https:\/\/www.ecolodge-labelleverte.fr\/wp-content\/uploads\/2021\/03\/icons8-eau-100.png 100w, https:\/\/www.ecolodge-labelleverte.fr\/wp-content\/uploads\/2021\/03\/icons8-eau-100-50x50.png 50w\" sizes=\"(max-width: 100px) 100vw, 100px\" \/>\t\t\t\t\t\t\t\t\t\t\t\t\t\t<\/p>\n<p>Cleaning of the grey waters with a waste stabilisation pond<\/p>\n<p>\t\t\t\t\t\t\t\t\t\t\t\t<img decoding=\"async\" width=\"100\" height=\"100\" src=\"https:\/\/www.ecolodge-labelleverte.fr\/wp-content\/uploads\/2021\/03\/icons8-ingredients-100.png\" alt=\"produits locaux\" loading=\"lazy\" srcset=\"https:\/\/www.ecolodge-labelleverte.fr\/wp-content\/uploads\/2021\/03\/icons8-ingredients-100.png 100w, https:\/\/www.ecolodge-labelleverte.fr\/wp-content\/uploads\/2021\/03\/icons8-ingredients-100-50x50.png 50w\" sizes=\"(max-width: 100px) 100vw, 100px\" \/>\t\t\t\t\t\t\t\t\t\t\t\t\t\t<\/p>\n<p>Organic and local food as much as possible\u00a0<\/p>\n<p>\t\t\t\t\t\t\t\t\t\t\t\t<img decoding=\"async\" width=\"100\" height=\"100\" src=\"https:\/\/www.ecolodge-labelleverte.fr\/wp-content\/uploads\/2021\/03\/icons8-soleil-100.png\" alt=\"eau chaude solaire\" loading=\"lazy\" srcset=\"https:\/\/www.ecolodge-labelleverte.fr\/wp-content\/uploads\/2021\/03\/icons8-soleil-100.png 100w, https:\/\/www.ecolodge-labelleverte.fr\/wp-content\/uploads\/2021\/03\/icons8-soleil-100-50x50.png 50w\" sizes=\"(max-width: 100px) 100vw, 100px\" \/>\t\t\t\t\t\t\t\t\t\t\t\t\t\t<\/p>\n<p>Hot water produced with solar thermal collectors.<\/p>\n<p>\t\t\t\t\t\t\t\t\t\t\t\t<img decoding=\"async\" width=\"100\" height=\"100\" src=\"https:\/\/www.ecolodge-labelleverte.fr\/wp-content\/uploads\/2021\/03\/icons8-lumiere-allumee-100.png\" alt=\"\u00c9clairage basse consommation\" loading=\"lazy\" srcset=\"https:\/\/www.ecolodge-labelleverte.fr\/wp-content\/uploads\/2021\/03\/icons8-lumiere-allumee-100.png 100w, https:\/\/www.ecolodge-labelleverte.fr\/wp-content\/uploads\/2021\/03\/icons8-lumiere-allumee-100-50x50.png 50w\" sizes=\"(max-width: 100px) 100vw, 100px\" \/>\t\t\t\t\t\t\t\t\t\t\t\t\t\t<\/p>\n<p>Use of low consumption lights\u00a0<\/p>\n<p>\t\t\t\t\t\t\t\t\t\t\t\t<img decoding=\"async\" width=\"100\" height=\"100\" src=\"https:\/\/www.ecolodge-labelleverte.fr\/wp-content\/uploads\/2021\/03\/icons8-velo-100.png\" alt=\"pr\u00eat de v\u00e9lo\" loading=\"lazy\" srcset=\"https:\/\/www.ecolodge-labelleverte.fr\/wp-content\/uploads\/2021\/03\/icons8-velo-100.png 100w, https:\/\/www.ecolodge-labelleverte.fr\/wp-content\/uploads\/2021\/03\/icons8-velo-100-50x50.png 50w\" sizes=\"(max-width: 100px) 100vw, 100px\" \/>\t\t\t\t\t\t\t\t\t\t\t\t\t\t<\/p>\n<p>Lending of bikes to promote active mobility\u00a0<\/p>\n<p>\t\t\t\t\t\t\t\t\t\t\t\t<img decoding=\"async\" width=\"100\" height=\"100\" src=\"https:\/\/www.ecolodge-labelleverte.fr\/wp-content\/uploads\/2021\/03\/icons8-hybrid-100.png\" alt=\"recharge voiture \u00e9lectrique\" loading=\"lazy\" srcset=\"https:\/\/www.ecolodge-labelleverte.fr\/wp-content\/uploads\/2021\/03\/icons8-hybrid-100.png 100w, https:\/\/www.ecolodge-labelleverte.fr\/wp-content\/uploads\/2021\/03\/icons8-hybrid-100-50x50.png 50w\" sizes=\"(max-width: 100px) 100vw, 100px\" \/>\t\t\t\t\t\t\t\t\t\t\t\t\t\t<\/p>\n<p>Charging station for electric cars\u00a0<\/p>\n<p>\t\t\t\t\t\t\t\t\t\t\t\t<img decoding=\"async\" width=\"100\" height=\"100\" src=\"https:\/\/www.ecolodge-labelleverte.fr\/wp-content\/uploads\/2021\/03\/icons8-nourriture-naturelle-1001.png\" alt=\"toilettes s\u00e8ches\" loading=\"lazy\" srcset=\"https:\/\/www.ecolodge-labelleverte.fr\/wp-content\/uploads\/2021\/03\/icons8-nourriture-naturelle-1001.png 100w, https:\/\/www.ecolodge-labelleverte.fr\/wp-content\/uploads\/2021\/03\/icons8-nourriture-naturelle-1001-50x50.png 50w\" sizes=\"(max-width: 100px) 100vw, 100px\" \/>\t\t\t\t\t\t\t\t\t\t\t\t\t\t<\/p>\n<p>Composting toilets in the ecolodges<\/p>\n<p>\t\t\t\t\t\t\t\t\t\t\t\t<img decoding=\"async\" width=\"100\" height=\"100\" src=\"https:\/\/www.ecolodge-labelleverte.fr\/wp-content\/uploads\/2021\/03\/icons8-balayer-100.png\" alt=\"produits entretien ecologiques\" loading=\"lazy\" srcset=\"https:\/\/www.ecolodge-labelleverte.fr\/wp-content\/uploads\/2021\/03\/icons8-balayer-100.png 100w, https:\/\/www.ecolodge-labelleverte.fr\/wp-content\/uploads\/2021\/03\/icons8-balayer-100-50x50.png 50w\" sizes=\"(max-width: 100px) 100vw, 100px\" \/>\t\t\t\t\t\t\t\t\t\t\t\t\t\t<\/p>\n<p>Use of sustainable cleaning products.<\/p>\n<p>\t\t\t\t\t\t\t\t\t\t\t\t<img decoding=\"async\" width=\"100\" height=\"100\" src=\"https:\/\/www.ecolodge-labelleverte.fr\/wp-content\/uploads\/2021\/03\/icons8-climate-change-100.png\" alt=\"Chaudi\u00e8re granul\u00e9s\" loading=\"lazy\" srcset=\"https:\/\/www.ecolodge-labelleverte.fr\/wp-content\/uploads\/2021\/03\/icons8-climate-change-100.png 100w, https:\/\/www.ecolodge-labelleverte.fr\/wp-content\/uploads\/2021\/03\/icons8-climate-change-100-50x50.png 50w\" sizes=\"(max-width: 100px) 100vw, 100px\" \/>\t\t\t\t\t\t\t\t\t\t\t\t\t\t<\/p>\n<p>Wood heating\u00a0<\/p>\n<p>\t\t\t\t\t\t\t\t\t\t\t\t<img decoding=\"async\" width=\"600\" height=\"600\" src=\"https:\/\/www.ecolodge-labelleverte.fr\/wp-content\/uploads\/2018\/06\/Ecolabel_logo_v6-1024x1024.jpg\" alt=\"Ecolabel Europ\u00e9en\" loading=\"lazy\" srcset=\"https:\/\/www.ecolodge-labelleverte.fr\/wp-content\/uploads\/2018\/06\/Ecolabel_logo_v6-1024x1024.jpg 1024w, https:\/\/www.ecolodge-labelleverte.fr\/wp-content\/uploads\/2018\/06\/Ecolabel_logo_v6-150x150.jpg 150w, https:\/\/www.ecolodge-labelleverte.fr\/wp-content\/uploads\/2018\/06\/Ecolabel_logo_v6-300x300.jpg 300w, https:\/\/www.ecolodge-labelleverte.fr\/wp-content\/uploads\/2018\/06\/Ecolabel_logo_v6-768x768.jpg 768w, https:\/\/www.ecolodge-labelleverte.fr\/wp-content\/uploads\/2018\/06\/Ecolabel_logo_v6.jpg 1963w\" sizes=\"(max-width: 600px) 100vw, 600px\" \/>\t\t\t\t\t\t\t\t\t\t\t\t\t\t<\/p>\n<p>Ecolabel since 2016<\/p>\n<h4>We designed our accommodaton to reduce significantly their impact on our planet.<\/h4>\n<p>\t\t<iframe loading=\"lazy\" title=\"Ecolodge La Belle Verte : Un s\u00e9jour d\u00e9tox et z\u00e9ro d\u00e9chet\" width=\"1080\" height=\"608\" src=\"https:\/\/www.youtube.com\/embed\/CZd8FcDG0Xw?feature=oembed\"  allow=\"accelerometer; autoplay; clipboard-write; encrypted-media; gyroscope; picture-in-picture; web-share\" allowfullscreen><\/iframe>\t\t<\/p>\n<h4>OUR ACCOMMODATION<\/h4>\n<p><strong>Our Ecolodges :<br \/><\/strong><\/p>\n<ul>\n<li>Minimum visual impact<\/li>\n<li>Construction passive en bois et terre cru<\/li>\n<li>Hemp insulation<\/li>\n<li>100% natural latex matresses (Biosens)<\/li>\n<li>Raw clay thermal wall : it permits to release natural heat all year round.\u00a0<\/li>\n<li>Cob structure<\/li>\n<li>Second hand furniture<\/li>\n<li>We tried to use only natural and\/or second hand material as much as possible to built and decorate these accommodations.<\/li>\n<\/ul>\n<p>\t\t\t\t\t\t\t\t\t\t\t\t<img decoding=\"async\" width=\"600\" height=\"338\" src=\"https:\/\/www.ecolodge-labelleverte.fr\/wp-content\/uploads\/2021\/03\/P3250090_editedslides-min-1024x577.jpg\" alt=\"ecolodge la belle verte\" loading=\"lazy\" srcset=\"https:\/\/www.ecolodge-labelleverte.fr\/wp-content\/uploads\/2021\/03\/P3250090_editedslides-min-1024x577.jpg 1024w, https:\/\/www.ecolodge-labelleverte.fr\/wp-content\/uploads\/2021\/03\/P3250090_editedslides-min-300x169.jpg 300w, https:\/\/www.ecolodge-labelleverte.fr\/wp-content\/uploads\/2021\/03\/P3250090_editedslides-min-768x433.jpg 768w, https:\/\/www.ecolodge-labelleverte.fr\/wp-content\/uploads\/2021\/03\/P3250090_editedslides-min-1536x865.jpg 1536w, https:\/\/www.ecolodge-labelleverte.fr\/wp-content\/uploads\/2021\/03\/P3250090_editedslides-min-2048x1154.jpg 2048w\" sizes=\"(max-width: 600px) 100vw, 600px\" \/><br \/>\n\t\t\t\t\t\t\t\t\t\t\t\t<img decoding=\"async\" width=\"600\" height=\"338\" src=\"https:\/\/www.ecolodge-labelleverte.fr\/wp-content\/uploads\/2021\/03\/P3250172_editedslide-1024x576.jpg\" alt=\"gite ecor\u00e9nov\u00e9\" loading=\"lazy\" srcset=\"https:\/\/www.ecolodge-labelleverte.fr\/wp-content\/uploads\/2021\/03\/P3250172_editedslide-1024x576.jpg 1024w, https:\/\/www.ecolodge-labelleverte.fr\/wp-content\/uploads\/2021\/03\/P3250172_editedslide-300x169.jpg 300w, https:\/\/www.ecolodge-labelleverte.fr\/wp-content\/uploads\/2021\/03\/P3250172_editedslide-768x432.jpg 768w, https:\/\/www.ecolodge-labelleverte.fr\/wp-content\/uploads\/2021\/03\/P3250172_editedslide-1536x864.jpg 1536w, https:\/\/www.ecolodge-labelleverte.fr\/wp-content\/uploads\/2021\/03\/P3250172_editedslide-2048x1152.jpg 2048w\" sizes=\"(max-width: 600px) 100vw, 600px\" \/>\t\t\t\t\t\t\t\t\t\t\t\t\t\t<\/p>\n<p><strong>Our cottage :<\/strong><\/p>\n<p><strong>Our cottage is an old &#8220;long\u00e8re&#8221; (traditionnal breton house), and it has been renovated with sustainable techniques. <\/strong><\/p>\n<ul>\n<li>Ecological renovation<\/li>\n<li>Walls covered with whitewash and hemp primer<\/li>\n<li>Insulation made with wood wool and cellulose<\/li>\n<li>Big bay windows oriented\u00a0south to heat the place<\/li>\n<li>Natural paints<\/li>\n<li>100% natural latex matresses (Biosens)<\/li>\n<\/ul>\n","protected":false},"excerpt":{"rendered":"<p>OUR SUSTAINABLE ENGAGEMENT\u200b Passive lodges, built with sustainable materials Solar panels Sorting out and composting of the waste Cleaning of the grey waters with a waste stabilisation pond Organic and local food as much as possible\u00a0 Hot water produced with solar thermal collectors. Use of low consumption lights\u00a0 Lending of bikes to promote active mobility\u00a0 [&hellip;]<\/p>\n","protected":false},"author":4,"featured_media":0,"parent":0,"menu_order":0,"comment_status":"closed","ping_status":"open","template":"","meta":{"_et_pb_use_builder":"on","_et_pb_old_content":"","_et_gb_content_width":"","footnotes":""},"class_list":["post-1840","page","type-page","status-publish","hentry"],"yoast_head":"<!-- This site is optimized with the Yoast SEO plugin v27.3 - https:\/\/yoast.com\/product\/yoast-seo-wordpress\/ -->\n<title>Our ecological spirit - Ecolodge La Belle Verte, Ecological accommodations<\/title>\n<meta name=\"robots\" content=\"index, follow, max-snippet:-1, max-image-preview:large, max-video-preview:-1\" \/>\n<link rel=\"canonical\" href=\"https:\/\/www.ecolodge-labelleverte.fr\/en\/our-ecological-spirit-accommodations\/\" \/>\n<meta property=\"og:locale\" content=\"en_US\" \/>\n<meta property=\"og:type\" content=\"article\" \/>\n<meta property=\"og:title\" content=\"Our ecological spirit - Ecolodge La Belle Verte, Ecological accommodations\" \/>\n<meta property=\"og:description\" content=\"OUR SUSTAINABLE ENGAGEMENT\u200b Passive lodges, built with sustainable materials Solar panels Sorting out and composting of the waste Cleaning of the grey waters with a waste stabilisation pond Organic and local food as much as possible\u00a0 Hot water produced with solar thermal collectors. Use of low consumption lights\u00a0 Lending of bikes to promote active mobility\u00a0 [&hellip;]\" \/>\n<meta property=\"og:url\" content=\"https:\/\/www.ecolodge-labelleverte.fr\/en\/our-ecological-spirit-accommodations\/\" \/>\n<meta property=\"og:site_name\" content=\"Ecolodge La belle verte\" \/>\n<meta property=\"article:modified_time\" content=\"2021-05-09T16:08:52+00:00\" \/>\n<meta property=\"og:image\" content=\"https:\/\/www.ecolodge-labelleverte.fr\/wp-content\/uploads\/2021\/03\/icons8-chalet-100.png\" \/>\n<meta name=\"twitter:card\" content=\"summary_large_image\" \/>\n<meta name=\"twitter:label1\" content=\"Est. reading time\" \/>\n\t<meta name=\"twitter:data1\" content=\"4 minutes\" \/>\n<script type=\"application\/ld+json\" class=\"yoast-schema-graph\">{\"@context\":\"https:\\\/\\\/schema.org\",\"@graph\":[{\"@type\":\"WebPage\",\"@id\":\"https:\\\/\\\/www.ecolodge-labelleverte.fr\\\/en\\\/our-ecological-spirit-accommodations\\\/\",\"url\":\"https:\\\/\\\/www.ecolodge-labelleverte.fr\\\/en\\\/our-ecological-spirit-accommodations\\\/\",\"name\":\"Our ecological spirit - Ecolodge La Belle Verte, Ecological accommodations\",\"isPartOf\":{\"@id\":\"https:\\\/\\\/www.ecolodge-labelleverte.fr\\\/en\\\/#website\"},\"primaryImageOfPage\":{\"@id\":\"https:\\\/\\\/www.ecolodge-labelleverte.fr\\\/en\\\/our-ecological-spirit-accommodations\\\/#primaryimage\"},\"image\":{\"@id\":\"https:\\\/\\\/www.ecolodge-labelleverte.fr\\\/en\\\/our-ecological-spirit-accommodations\\\/#primaryimage\"},\"thumbnailUrl\":\"https:\\\/\\\/www.ecolodge-labelleverte.fr\\\/wp-content\\\/uploads\\\/2021\\\/03\\\/icons8-chalet-100.png\",\"datePublished\":\"2016-05-12T13:52:18+00:00\",\"dateModified\":\"2021-05-09T16:08:52+00:00\",\"breadcrumb\":{\"@id\":\"https:\\\/\\\/www.ecolodge-labelleverte.fr\\\/en\\\/our-ecological-spirit-accommodations\\\/#breadcrumb\"},\"inLanguage\":\"en-US\",\"potentialAction\":[{\"@type\":\"ReadAction\",\"target\":[\"https:\\\/\\\/www.ecolodge-labelleverte.fr\\\/en\\\/our-ecological-spirit-accommodations\\\/\"]}]},{\"@type\":\"ImageObject\",\"inLanguage\":\"en-US\",\"@id\":\"https:\\\/\\\/www.ecolodge-labelleverte.fr\\\/en\\\/our-ecological-spirit-accommodations\\\/#primaryimage\",\"url\":\"https:\\\/\\\/www.ecolodge-labelleverte.fr\\\/wp-content\\\/uploads\\\/2021\\\/03\\\/icons8-chalet-100.png\",\"contentUrl\":\"https:\\\/\\\/www.ecolodge-labelleverte.fr\\\/wp-content\\\/uploads\\\/2021\\\/03\\\/icons8-chalet-100.png\"},{\"@type\":\"BreadcrumbList\",\"@id\":\"https:\\\/\\\/www.ecolodge-labelleverte.fr\\\/en\\\/our-ecological-spirit-accommodations\\\/#breadcrumb\",\"itemListElement\":[{\"@type\":\"ListItem\",\"position\":1,\"name\":\"Accueil\",\"item\":\"https:\\\/\\\/www.ecolodge-labelleverte.fr\\\/en\\\/\"},{\"@type\":\"ListItem\",\"position\":2,\"name\":\"Our sustainable engagement\"}]},{\"@type\":\"WebSite\",\"@id\":\"https:\\\/\\\/www.ecolodge-labelleverte.fr\\\/en\\\/#website\",\"url\":\"https:\\\/\\\/www.ecolodge-labelleverte.fr\\\/en\\\/\",\"name\":\"Ecolodge La belle verte\",\"description\":\"\",\"potentialAction\":[{\"@type\":\"SearchAction\",\"target\":{\"@type\":\"EntryPoint\",\"urlTemplate\":\"https:\\\/\\\/www.ecolodge-labelleverte.fr\\\/en\\\/?s={search_term_string}\"},\"query-input\":{\"@type\":\"PropertyValueSpecification\",\"valueRequired\":true,\"valueName\":\"search_term_string\"}}],\"inLanguage\":\"en-US\"}]}<\/script>\n<!-- \/ Yoast SEO plugin. -->","yoast_head_json":{"title":"Our ecological spirit - Ecolodge La Belle Verte, Ecological accommodations","robots":{"index":"index","follow":"follow","max-snippet":"max-snippet:-1","max-image-preview":"max-image-preview:large","max-video-preview":"max-video-preview:-1"},"canonical":"https:\/\/www.ecolodge-labelleverte.fr\/en\/our-ecological-spirit-accommodations\/","og_locale":"en_US","og_type":"article","og_title":"Our ecological spirit - Ecolodge La Belle Verte, Ecological accommodations","og_description":"OUR SUSTAINABLE ENGAGEMENT\u200b Passive lodges, built with sustainable materials Solar panels Sorting out and composting of the waste Cleaning of the grey waters with a waste stabilisation pond Organic and local food as much as possible\u00a0 Hot water produced with solar thermal collectors. Use of low consumption lights\u00a0 Lending of bikes to promote active mobility\u00a0 [&hellip;]","og_url":"https:\/\/www.ecolodge-labelleverte.fr\/en\/our-ecological-spirit-accommodations\/","og_site_name":"Ecolodge La belle verte","article_modified_time":"2021-05-09T16:08:52+00:00","og_image":[{"url":"https:\/\/www.ecolodge-labelleverte.fr\/wp-content\/uploads\/2021\/03\/icons8-chalet-100.png","type":"","width":"","height":""}],"twitter_card":"summary_large_image","twitter_misc":{"Est. reading time":"4 minutes"},"schema":{"@context":"https:\/\/schema.org","@graph":[{"@type":"WebPage","@id":"https:\/\/www.ecolodge-labelleverte.fr\/en\/our-ecological-spirit-accommodations\/","url":"https:\/\/www.ecolodge-labelleverte.fr\/en\/our-ecological-spirit-accommodations\/","name":"Our ecological spirit - Ecolodge La Belle Verte, Ecological accommodations","isPartOf":{"@id":"https:\/\/www.ecolodge-labelleverte.fr\/en\/#website"},"primaryImageOfPage":{"@id":"https:\/\/www.ecolodge-labelleverte.fr\/en\/our-ecological-spirit-accommodations\/#primaryimage"},"image":{"@id":"https:\/\/www.ecolodge-labelleverte.fr\/en\/our-ecological-spirit-accommodations\/#primaryimage"},"thumbnailUrl":"https:\/\/www.ecolodge-labelleverte.fr\/wp-content\/uploads\/2021\/03\/icons8-chalet-100.png","datePublished":"2016-05-12T13:52:18+00:00","dateModified":"2021-05-09T16:08:52+00:00","breadcrumb":{"@id":"https:\/\/www.ecolodge-labelleverte.fr\/en\/our-ecological-spirit-accommodations\/#breadcrumb"},"inLanguage":"en-US","potentialAction":[{"@type":"ReadAction","target":["https:\/\/www.ecolodge-labelleverte.fr\/en\/our-ecological-spirit-accommodations\/"]}]},{"@type":"ImageObject","inLanguage":"en-US","@id":"https:\/\/www.ecolodge-labelleverte.fr\/en\/our-ecological-spirit-accommodations\/#primaryimage","url":"https:\/\/www.ecolodge-labelleverte.fr\/wp-content\/uploads\/2021\/03\/icons8-chalet-100.png","contentUrl":"https:\/\/www.ecolodge-labelleverte.fr\/wp-content\/uploads\/2021\/03\/icons8-chalet-100.png"},{"@type":"BreadcrumbList","@id":"https:\/\/www.ecolodge-labelleverte.fr\/en\/our-ecological-spirit-accommodations\/#breadcrumb","itemListElement":[{"@type":"ListItem","position":1,"name":"Accueil","item":"https:\/\/www.ecolodge-labelleverte.fr\/en\/"},{"@type":"ListItem","position":2,"name":"Our sustainable engagement"}]},{"@type":"WebSite","@id":"https:\/\/www.ecolodge-labelleverte.fr\/en\/#website","url":"https:\/\/www.ecolodge-labelleverte.fr\/en\/","name":"Ecolodge La belle verte","description":"","potentialAction":[{"@type":"SearchAction","target":{"@type":"EntryPoint","urlTemplate":"https:\/\/www.ecolodge-labelleverte.fr\/en\/?s={search_term_string}"},"query-input":{"@type":"PropertyValueSpecification","valueRequired":true,"valueName":"search_term_string"}}],"inLanguage":"en-US"}]}},"_links":{"self":[{"href":"https:\/\/www.ecolodge-labelleverte.fr\/en\/wp-json\/wp\/v2\/pages\/1840","targetHints":{"allow":["GET"]}}],"collection":[{"href":"https:\/\/www.ecolodge-labelleverte.fr\/en\/wp-json\/wp\/v2\/pages"}],"about":[{"href":"https:\/\/www.ecolodge-labelleverte.fr\/en\/wp-json\/wp\/v2\/types\/page"}],"author":[{"embeddable":true,"href":"https:\/\/www.ecolodge-labelleverte.fr\/en\/wp-json\/wp\/v2\/users\/4"}],"replies":[{"embeddable":true,"href":"https:\/\/www.ecolodge-labelleverte.fr\/en\/wp-json\/wp\/v2\/comments?post=1840"}],"version-history":[{"count":22,"href":"https:\/\/www.ecolodge-labelleverte.fr\/en\/wp-json\/wp\/v2\/pages\/1840\/revisions"}],"predecessor-version":[{"id":6909,"href":"https:\/\/www.ecolodge-labelleverte.fr\/en\/wp-json\/wp\/v2\/pages\/1840\/revisions\/6909"}],"wp:attachment":[{"href":"https:\/\/www.ecolodge-labelleverte.fr\/en\/wp-json\/wp\/v2\/media?parent=1840"}],"curies":[{"name":"wp","href":"https:\/\/api.w.org\/{rel}","templated":true}]}}